{"id":660,"date":"2014-03-21T22:11:08","date_gmt":"2014-03-21T22:11:08","guid":{"rendered":"http:\/\/themes.artivity.co.uk\/basix-wordpress\/?page_id=660"},"modified":"2021-08-17T12:34:35","modified_gmt":"2021-08-17T10:34:35","slug":"faqs","status":"publish","type":"page","link":"https:\/\/lamaisondesmaux.fr\/index.php\/faqs\/","title":{"rendered":"FAQ"},"content":{"rendered":"<p>[vc_row][vc_column width=\u00a0\u00bb1\/6&Prime;][\/vc_column][vc_column width=\u00a0\u00bb2\/3&Prime;][vc_toggle title=\u00a0\u00bbQue peut soigner le magn\u00e9tisme ?\u00a0\u00bb]Le <strong>magn\u00e9tisme<\/strong> peut soigner diff\u00e9rents maux, tels que : les probl\u00e8mes de peaux,\u00a0 douleurs diverses, angoisses, peurs etc\u2026[\/vc_toggle][vc_toggle title=\u00a0\u00bbQue veut dire coupeur de feu, leveur de maux ?\u00a0\u00bb]Je coupe le feu et l\u00e8ve les maux gr\u00e2ce \u00e0 des secrets,(nous faisons appels a des saints) et par imposition des mains.cela calme et stoppe l&rsquo;avanc\u00e9 du feu dans les chairs, cela aide \u00e0 la cicatrisation.[\/vc_toggle][vc_toggle title=\u00a0\u00bbLe magn\u00e9tisme et le reboutement sont-ils des dons ?\u00a0\u00bb]Je dirais que c&rsquo;est plus un art de soigner. Tout le monde a du magn\u00e9tismes,mais tout le monde ne peut s&rsquo;en servir pour les autres.c&rsquo;est comme la musique tout le monde peut en jouer,mais tr\u00e8s peu peuvent jouer comme Beethoven, cela demande du travail.[\/vc_toggle][vc_toggle title=\u00a0\u00bbQu&rsquo;est-ce qu&rsquo;un rebouteur ? \u00ab\u00a0]C&rsquo;est l&rsquo;art de d\u00e9nouer, d&rsquo;aligner, de poncer les tendons, les nerfs, les ligaments. Nous sommes les anc\u00eatres des kin\u00e9sith\u00e9rapeutes et des ost\u00e9opathes.[\/vc_toggle][vc_toggle title=\u00a0\u00bbSous hypnose, vais-je \u00eatre totalement sous votre emprise ?\u00a0\u00bb]Non, vous \u00eates en sommeil \u00e9veill\u00e9. Votre inconscient veille sur vous,il ne vous laissera pas vous mettre en danger. Dans toutes mes s\u00e9ances, je vous donne une cl\u00e9 pour sortir de l&rsquo;\u00e9tat d&rsquo;hypnose si \u00e0 un moment vous vous sentez en\u00a0 ins\u00e9curit\u00e9. Je ne pratique pas l&rsquo;hypnose de spectacle.[\/vc_toggle][\/vc_column][vc_column width=\u00a0\u00bb1\/6&Prime;][\/vc_column][\/vc_row][vc_row][vc_column][vc_column_text]Vous avez une autre question ?<br \/>\n<a href=\"http:\/\/www.lamaisondesmaux.fr\/index.php\/me-contacter\/\">N&rsquo;h\u00e9sitez pas \u00e0 la poser<\/a>, je vous r\u00e9pondrai du mieux que je peux.[\/vc_column_text][\/vc_column][\/vc_row]<\/p>\n","protected":false},"excerpt":{"rendered":"<p>[vc_row][vc_column width=\u00a0\u00bb1\/6&Prime;][\/vc_column][vc_column width=\u00a0\u00bb2\/3&Prime;][vc_toggle title=\u00a0\u00bbQue peut soigner le magn\u00e9tisme ?\u00a0\u00bb]Le magn\u00e9tisme peut soigner diff\u00e9rents maux, tels que : les probl\u00e8mes de peaux,\u00a0 douleurs diverses, angoisses, peurs etc\u2026[\/vc_toggle][vc_toggle title=\u00a0\u00bbQue veut dire coupeur de feu, leveur de maux ?\u00a0\u00bb]Je coupe le feu et l\u00e8ve les maux gr\u00e2ce \u00e0 des secrets,(nous faisons appels a des saints) et par imposition &#8230;<\/p>\n","protected":false},"author":1,"featured_media":0,"parent":0,"menu_order":0,"comment_status":"closed","ping_status":"closed","template":"","meta":{"inline_featured_image":false,"_exactmetrics_skip_tracking":false,"_exactmetrics_sitenote_active":false,"_exactmetrics_sitenote_note":"","_exactmetrics_sitenote_category":0,"footnotes":""},"class_list":["post-660","page","type-page","status-publish","hentry"],"_links":{"self":[{"href":"https:\/\/lamaisondesmaux.fr\/index.php\/wp-json\/wp\/v2\/pages\/660"}],"collection":[{"href":"https:\/\/lamaisondesmaux.fr\/index.php\/wp-json\/wp\/v2\/pages"}],"about":[{"href":"https:\/\/lamaisondesmaux.fr\/index.php\/wp-json\/wp\/v2\/types\/page"}],"author":[{"embeddable":true,"href":"https:\/\/lamaisondesmaux.fr\/index.php\/wp-json\/wp\/v2\/users\/1"}],"replies":[{"embeddable":true,"href":"https:\/\/lamaisondesmaux.fr\/index.php\/wp-json\/wp\/v2\/comments?post=660"}],"version-history":[{"count":8,"href":"https:\/\/lamaisondesmaux.fr\/index.php\/wp-json\/wp\/v2\/pages\/660\/revisions"}],"predecessor-version":[{"id":20298,"href":"https:\/\/lamaisondesmaux.fr\/index.php\/wp-json\/wp\/v2\/pages\/660\/revisions\/20298"}],"wp:attachment":[{"href":"https:\/\/lamaisondesmaux.fr\/index.php\/wp-json\/wp\/v2\/media?parent=660"}],"curies":[{"name":"wp","href":"https:\/\/api.w.org\/{rel}","templated":true}]}}