						{"id":20006,"date":"2016-04-20T19:14:07","date_gmt":"2016-04-20T18:14:07","guid":{"rendered":"http:\/\/themes.artivity.co.uk\/basix\/?page_id=5463"},"modified":"2021-08-17T12:34:35","modified_gmt":"2021-08-17T10:34:35","slug":"home-v2-2","status":"publish","type":"page","link":"https:\/\/lamaisondesmaux.fr\/","title":{"rendered":"Accueil"},"content":{"rendered":"<p>[vc_row full_width=\u00a0\u00bbstretch_row\u00a0\u00bb css=\u00a0\u00bb.vc_custom_1504959630987{padding-top: 0px !important;padding-bottom: 0px !important;}\u00a0\u00bb][vc_column css=\u00a0\u00bb.vc_custom_1491049247328{margin-top: 0px !important;margin-right: 0px !important;margin-bottom: 0px !important;margin-left: 0px !important;padding-top: 0px !important;padding-right: 0px !important;padding-bottom: 0px !important;padding-left: 0px !important;}\u00a0\u00bb][rev_slider_vc alias=\u00a0\u00bbbasix-slider-v2&Prime; rev_slider_bg=\u00a0\u00bbLight\u00a0\u00bb][\/vc_column][\/vc_row][vc_row full_width=\u00a0\u00bbstretch_row\u00a0\u00bb content_placement=\u00a0\u00bbmiddle\u00a0\u00bb css=\u00a0\u00bb.vc_custom_1513625683867{margin-top: -10vh !important;padding-top: 0px !important;padding-bottom: 0px !important;background-position: center !important;background-repeat: no-repeat !important;background-size: cover !important;}\u00a0\u00bb][vc_column width=\u00a0\u00bb1\/2&Prime; dark_bg=\u00a0\u00bbtrue\u00a0\u00bb expand_bg=\u00a0\u00bbLeft\u00a0\u00bb css=\u00a0\u00bb.vc_custom_1513625805724{padding-top: 8em !important;padding-right: 5em !important;padding-bottom: 8em !important;padding-left: 25% !important;background-color: #222222 !important;}\u00a0\u00bb el_class=\u00a0\u00bb.accent-bg\u00a0\u00bb][vc_column_text css=\u00a0\u00bb.vc_custom_1540533742014{margin-bottom: 1.4em !important;}\u00a0\u00bb]<\/p>\n<h2 style=\"text-align: right;\"><strong>Une histoire de famille&#8230;<br \/>\n<\/strong><\/h2>\n<p>[\/vc_column_text][vc_column_text css_animation=\u00a0\u00bbfadeInRight\u00a0\u00bb css=\u00a0\u00bb.vc_custom_1552914076832{margin-bottom: 2.4em !important;}\u00a0\u00bb custom_color=\u00a0\u00bbrgba(255,255,255,0.9)\u00a0\u00bb]<\/p>\n<p style=\"text-align: right;\">Descendant d&rsquo;une famille modeste qui pratiquait officieusement le <a href=\"http:\/\/www.lamaisondesmaux.fr\/index.php\/mes-pratiques-2\/douleurs-psychologiques\/\">magn\u00e9tisme<\/a> et le <a href=\"http:\/\/www.lamaisondesmaux.fr\/index.php\/mes-pratiques-2\/douleurs-mecaniques\/\">reboutement<\/a>, j&rsquo;ai appris tout au long de ma jeunesse. Cet art de soulager, de soigner les personnes et les animaux par imposition des mains et par manipulation me vient de mon arri\u00e8re grand m\u00e8re maternelle et de mon oncle du cot\u00e9 paternel.<\/p>\n<p style=\"text-align: right;\">Aujourd&rsquo;hui, je vous fait profiter des bienfaits de cet art pour soulager vos douleurs m\u00e9caniques et\/ou psychologiques.<\/p>\n<p>[\/vc_column_text]\t\t\t\t\t\t\t\t<a class=\"button basix_button transparent standard right  vc_custom_1540533786910\"\r\n\t\t   style=\"float: right;; font-size: ; line-height: ;\"\r\n\t\t   href=\"\"\r\n\t\t   target=\"\">\r\n\t\t   \t\t\t\t\tEn d\u00e9couvrir plus...\t\t\t\t\t<\/a>\r\n\t\t\t\t[\/vc_column][vc_column width=\u00a0\u00bb1\/2&Prime; expand_bg=\u00a0\u00bbRight\u00a0\u00bb css=\u00a0\u00bb.vc_custom_1540535570048{padding-top: 30vh !important;padding-bottom: 30vh !important;background-image: url(http:\/\/www.lamaisondesmaux.fr\/wp-content\/uploads\/2018\/10\/famille.jpg?id=20097) !important;}\u00a0\u00bb][\/vc_column][\/vc_row][vc_row full_width=\u00a0\u00bbstretch_row\u00a0\u00bb css=\u00a0\u00bb.vc_custom_1513637822750{padding-bottom: 7em !important;background-color: #f3f3f3 !important;}\u00a0\u00bb][vc_column][vc_row_inner css=\u00a0\u00bb.vc_custom_1513627588718{margin-bottom: 3em !important;}\u00a0\u00bb][vc_column_inner][vc_column_text css=\u00a0\u00bb.vc_custom_1540533804376{margin-bottom: 1.5em !important;}\u00a0\u00bb]<\/p>\n<h4 style=\"text-align: center;\">Laurence<\/h4>\n<p>[\/vc_column_text][vc_column_text]<\/p>\n<h2 style=\"text-align: center;\">Cr\u00e9atrice de bien-\u00eatre<\/h2>\n<p>[\/vc_column_text][\/vc_column_inner][\/vc_row_inner][vc_row_inner gap=\u00a0\u00bb30&Prime; css=\u00a0\u00bb.vc_custom_1513627528170{padding-right: 10% !important;padding-left: 10% !important;}\u00a0\u00bb][vc_column_inner width=\u00a0\u00bb1\/2&Prime; box_shadow=\u00a0\u00bbtrue\u00a0\u00bb css=\u00a0\u00bb.vc_custom_1513627295014{margin-bottom: 30px !important;background-color: #ffffff !important;border-radius: 5px !important;}\u00a0\u00bb]\r\n\t\t\r\n\t\t\t<!-- Standard Icon & Text Element -->\r\n\r\n\t\t\t\t\t\t\t<div class=\"basix_icon_text left-icon wpb_content_element \">\r\n\t\t\t\t\t<div class=\"icon\"\r\n\t\t\t\t\t     style=\"width: 46px;\">\r\n\t\t\t\t\t\t\t\t\t\t\t\t\t<i class=\"feather-user\"\r\n\t\t\t\t\t\t\t   style=\"font-size: 32px;\"><\/i>\r\n\t\t\t\t\t\t\t\t\t\t\t<\/div>\r\n\t\t\t\t\t<div class=\"text\">\r\n\t\t\t\t\t\t\t\t\t\t\t\t\t<h3>Rebouteuse<\/h3>\r\n\t\t\t\t\t\t\t\t\t\t\t\tIntervient sur les mouvements du corps, remet les nerfs froiss\u00e9s et les tendons qui sautent.\t\t\t\t\t<\/div>\r\n\t\t\t\t<\/div>\r\n\t\t\t\r\n\t\t\r\n\t\t\r\n\t\t\t<!-- Standard Icon & Text Element -->\r\n\r\n\t\t\t\r\n\t\t\r\n\t\t[\/vc_column_inner][vc_column_inner width=\u00a0\u00bb1\/2&Prime; box_shadow=\u00a0\u00bbtrue\u00a0\u00bb css=\u00a0\u00bb.vc_custom_1513627299234{margin-bottom: 30px !important;background-color: #ffffff !important;border-radius: 5px !important;}\u00a0\u00bb]\r\n\t\t\r\n\t\t\t<!-- Standard Icon & Text Element -->\r\n\r\n\t\t\t\t\t\t\t<div class=\"basix_icon_text left-icon wpb_content_element \">\r\n\t\t\t\t\t<div class=\"icon\"\r\n\t\t\t\t\t     style=\"width: 46px;\">\r\n\t\t\t\t\t\t\t\t\t\t\t\t\t<i class=\"feather-target\"\r\n\t\t\t\t\t\t\t   style=\"font-size: 32px;\"><\/i>\r\n\t\t\t\t\t\t\t\t\t\t\t<\/div>\r\n\t\t\t\t\t<div class=\"text\">\r\n\t\t\t\t\t\t\t\t\t\t\t\t\t<h3>Magn\u00e9tiseuse<\/h3>\r\n\t\t\t\t\t\t\t\t\t\t\t\tTraite un grand nombre de douleurs physiques et pathologiques.\t\t\t\t\t<\/div>\r\n\t\t\t\t<\/div>\r\n\t\t\t\r\n\t\t\r\n\t\t\r\n\t\t\t<!-- Standard Icon & Text Element -->\r\n\r\n\t\t\t\r\n\t\t\r\n\t\t[\/vc_column_inner][\/vc_row_inner][vc_row_inner gap=\u00a0\u00bb30&Prime; css=\u00a0\u00bb.vc_custom_1513627528170{padding-right: 10% !important;padding-left: 10% !important;}\u00a0\u00bb][vc_column_inner width=\u00a0\u00bb1\/2&Prime; box_shadow=\u00a0\u00bbtrue\u00a0\u00bb css=\u00a0\u00bb.vc_custom_1513627295014{margin-bottom: 30px !important;background-color: #ffffff !important;border-radius: 5px !important;}\u00a0\u00bb]\r\n\t\t\r\n\t\t\t<!-- Standard Icon & Text Element -->\r\n\r\n\t\t\t\t\t\t\t<div class=\"basix_icon_text left-icon wpb_content_element \">\r\n\t\t\t\t\t<div class=\"icon\"\r\n\t\t\t\t\t     style=\"width: 46px;\">\r\n\t\t\t\t\t\t\t\t\t\t\t\t\t<i class=\"feather-eye\"\r\n\t\t\t\t\t\t\t   style=\"font-size: 32px;\"><\/i>\r\n\t\t\t\t\t\t\t\t\t\t\t<\/div>\r\n\t\t\t\t\t<div class=\"text\">\r\n\t\t\t\t\t\t\t\t\t\t\t\t\t<h3>Hypnoth\u00e9rapeute<\/h3>\r\n\t\t\t\t\t\t\t\t\t\t\t\tM\u00e9decine douce qui s&rsquo;adresse \u00e0 l&rsquo;inconscient. Traite les probl\u00e8mes personnels et relationnels.\t\t\t\t\t<\/div>\r\n\t\t\t\t<\/div>\r\n\t\t\t\r\n\t\t\r\n\t\t\r\n\t\t\t<!-- Standard Icon & Text Element -->\r\n\r\n\t\t\t\r\n\t\t\r\n\t\t[\/vc_column_inner][vc_column_inner width=\u00a0\u00bb1\/2&Prime; box_shadow=\u00a0\u00bbtrue\u00a0\u00bb css=\u00a0\u00bb.vc_custom_1513627299234{margin-bottom: 30px !important;background-color: #ffffff !important;border-radius: 5px !important;}\u00a0\u00bb]\r\n\t\t\r\n\t\t\t<!-- Standard Icon & Text Element -->\r\n\r\n\t\t\t\t\t\t\t<div class=\"basix_icon_text left-icon wpb_content_element \">\r\n\t\t\t\t\t<div class=\"icon\"\r\n\t\t\t\t\t     style=\"width: 46px;\">\r\n\t\t\t\t\t\t\t\t\t\t\t\t\t<i class=\"feather-x-circle\"\r\n\t\t\t\t\t\t\t   style=\"font-size: 32px;\"><\/i>\r\n\t\t\t\t\t\t\t\t\t\t\t<\/div>\r\n\t\t\t\t\t<div class=\"text\">\r\n\t\t\t\t\t\t\t\t\t\t\t\t\t<h3>Coupeur de feu<\/h3>\r\n\t\t\t\t\t\t\t\t\t\t\t\tStop les br\u00fblures au premier et deuxi\u00e8me degr\u00e9s. Aide \u00e0 la cicatrisation et soulage la douleur.\t\t\t\t\t<\/div>\r\n\t\t\t\t<\/div>\r\n\t\t\t\r\n\t\t\r\n\t\t\r\n\t\t\t<!-- Standard Icon & Text Element -->\r\n\r\n\t\t\t\r\n\t\t\r\n\t\t[\/vc_column_inner][\/vc_row_inner][\/vc_column][\/vc_row][vc_row full_width=\u00a0\u00bbstretch_row\u00a0\u00bb content_placement=\u00a0\u00bbmiddle\u00a0\u00bb css=\u00a0\u00bb.vc_custom_1513625683867{margin-top: -10vh !important;padding-top: 0px !important;padding-bottom: 0px !important;background-position: center !important;background-repeat: no-repeat !important;background-size: cover !important;}\u00a0\u00bb][vc_column width=\u00a0\u00bb1\/2&Prime; dark_bg=\u00a0\u00bbtrue\u00a0\u00bb expand_bg=\u00a0\u00bbLeft\u00a0\u00bb css=\u00a0\u00bb.vc_custom_1513625805724{padding-top: 8em !important;padding-right: 5em !important;padding-bottom: 8em !important;padding-left: 25% !important;background-color: #222222 !important;}\u00a0\u00bb el_class=\u00a0\u00bb.accent-bg\u00a0\u00bb][vc_column_text css=\u00a0\u00bb.vc_custom_1540534660355{margin-bottom: 1.4em !important;}\u00a0\u00bb]<\/p>\n<h2 style=\"text-align: right;\"><strong>Conseils de vie&#8230;<br \/>\n<\/strong><\/h2>\n<p>[\/vc_column_text][vc_column_text css_animation=\u00a0\u00bbfadeInRight\u00a0\u00bb css=\u00a0\u00bb.vc_custom_1540534648193{margin-bottom: 2.4em !important;}\u00a0\u00bb custom_color=\u00a0\u00bbrgba(255,255,255,0.9)\u00a0\u00bb]L&rsquo;alimentation, l&rsquo;environnement, notre habitation&#8230;<br \/>\nTout ces \u00e9l\u00e9ments contribuent \u00e0 notre bien \u00eatre, s&rsquo;ils sont de bonne qualit\u00e9 et adapt\u00e9s \u00e0 notre rythme de vie.<br \/>\nJe vous accompagne dans l&rsquo;am\u00e9lioration de votre quotidien par la mise en place de conseils avis\u00e9s et adapt\u00e9s \u00e0 chacun.[\/vc_column_text]\t\t\t\t\t\t\t\t<a class=\"button basix_button transparent standard right  vc_custom_1540533786910\"\r\n\t\t   style=\"float: right;; font-size: ; line-height: ;\"\r\n\t\t   href=\"\"\r\n\t\t   target=\"\">\r\n\t\t   \t\t\t\t\tEn d\u00e9couvrir plus...\t\t\t\t\t<\/a>\r\n\t\t\t\t[\/vc_column][vc_column width=\u00a0\u00bb1\/2&Prime; expand_bg=\u00a0\u00bbRight\u00a0\u00bb css=\u00a0\u00bb.vc_custom_1540534680645{padding-top: 10vh !important;padding-bottom: 10vh !important;background-image: url(http:\/\/www.lamaisondesmaux.fr\/wp-content\/uploads\/2018\/10\/legumes-varies.jpg?id=20087) !important;}\u00a0\u00bb][\/vc_column][\/vc_row][vc_row full_width=\u00a0\u00bbstretch_row\u00a0\u00bb content_placement=\u00a0\u00bbmiddle\u00a0\u00bb css=\u00a0\u00bb.vc_custom_1513625683867{margin-top: -10vh !important;padding-top: 0px !important;padding-bottom: 0px !important;background-position: center !important;background-repeat: no-repeat !important;background-size: cover !important;}\u00a0\u00bb][vc_column width=\u00a0\u00bb1\/2&Prime; dark_bg=\u00a0\u00bbtrue\u00a0\u00bb expand_bg=\u00a0\u00bbLeft\u00a0\u00bb css=\u00a0\u00bb.vc_custom_1540535171826{padding-top: 10vh !important;padding-bottom: 10vh !important;background: #222222 url(http:\/\/www.lamaisondesmaux.fr\/wp-content\/uploads\/2018\/10\/slide4.jpg?id=19963) !important;}\u00a0\u00bb][\/vc_column][vc_column width=\u00a0\u00bb1\/2&Prime; dark_bg=\u00a0\u00bbtrue\u00a0\u00bb expand_bg=\u00a0\u00bbRight\u00a0\u00bb css=\u00a0\u00bb.vc_custom_1540535291910{padding-top: 10vh !important;padding-right: 25% !important;padding-bottom: 10vh !important;padding-left: 5em !important;background-color: #222222 !important;}\u00a0\u00bb el_class=\u00a0\u00bb.accent-bg\u00a0\u00bb][vc_column_text css=\u00a0\u00bb.vc_custom_1540535019000{margin-bottom: 1.4em !important;}\u00a0\u00bb]<\/p>\n<h2 style=\"text-align: left;\"><strong>Nos amis les animaux&#8230;<br \/>\n<\/strong><\/h2>\n<p>[\/vc_column_text][vc_column_text css_animation=\u00a0\u00bbfadeInRight\u00a0\u00bb css=\u00a0\u00bb.vc_custom_1540535065481{margin-bottom: 2.4em !important;}\u00a0\u00bb custom_color=\u00a0\u00bbrgba(255,255,255,0.9)\u00a0\u00bb]Ils font parti de notre vie, nous les aimons, qu&rsquo;ils soient\u00a0 de compagnie ou de ferme, je peux les aider a retrouver leurs \u00e9nergies pour leur sant\u00e9 et leurs bien \u00eatre.[\/vc_column_text]\t\t\t\t\t\t\t\t<a class=\"button basix_button transparent standard right  vc_custom_1540535070613\"\r\n\t\t   style=\"float: right;; font-size: ; line-height: ;\"\r\n\t\t   href=\"\"\r\n\t\t   target=\"\">\r\n\t\t   \t\t\t\t\tEn d\u00e9couvrir plus...\t\t\t\t\t<\/a>\r\n\t\t\t\t[\/vc_column][\/vc_row]<\/p>\n","protected":false},"excerpt":{"rendered":"<p>[vc_row full_width=\u00a0\u00bbstretch_row\u00a0\u00bb css=\u00a0\u00bb.vc_custom_1504959630987{padding-top: 0px !important;padding-bottom: 0px !important;}\u00a0\u00bb][vc_column css=\u00a0\u00bb.vc_custom_1491049247328{margin-top: 0px !important;margin-right: 0px !important;margin-bottom: 0px !important;margin-left: 0px !important;padding-top: 0px !important;padding-right: 0px !important;padding-bottom: 0px !important;padding-left: 0px !important;}\u00a0\u00bb][rev_slider_vc alias=\u00a0\u00bbbasix-slider-v2&Prime; rev_slider_bg=\u00a0\u00bbLight\u00a0\u00bb][\/vc_column][\/vc_row][vc_row full_width=\u00a0\u00bbstretch_row\u00a0\u00bb content_placement=\u00a0\u00bbmiddle\u00a0\u00bb css=\u00a0\u00bb.vc_custom_1513625683867{margin-top: -10vh !important;padding-top: 0px !important;padding-bottom: 0px !important;background-position: center !important;background-repeat: no-repeat !important;background-size: cover !important;}\u00a0\u00bb][vc_column width=\u00a0\u00bb1\/2&Prime; dark_bg=\u00a0\u00bbtrue\u00a0\u00bb expand_bg=\u00a0\u00bbLeft\u00a0\u00bb css=\u00a0\u00bb.vc_custom_1513625805724{padding-top: 8em !important;padding-right: 5em !important;padding-bottom: 8em !important;padding-left: 25% !important;background-color: #222222 !important;}\u00a0\u00bb &#8230;<\/p>\n","protected":false},"author":1,"featured_media":0,"parent":0,"menu_order":0,"comment_status":"closed","ping_status":"closed","template":"template-home.php","meta":{"inline_featured_image":false,"_exactmetrics_skip_tracking":false,"_exactmetrics_sitenote_active":false,"_exactmetrics_sitenote_note":"","_exactmetrics_sitenote_category":0,"footnotes":""},"class_list":["post-20006","page","type-page","status-publish","hentry"],"_links":{"self":[{"href":"https:\/\/lamaisondesmaux.fr\/index.php\/wp-json\/wp\/v2\/pages\/20006"}],"collection":[{"href":"https:\/\/lamaisondesmaux.fr\/index.php\/wp-json\/wp\/v2\/pages"}],"about":[{"href":"https:\/\/lamaisondesmaux.fr\/index.php\/wp-json\/wp\/v2\/types\/page"}],"author":[{"embeddable":true,"href":"https:\/\/lamaisondesmaux.fr\/index.php\/wp-json\/wp\/v2\/users\/1"}],"replies":[{"embeddable":true,"href":"https:\/\/lamaisondesmaux.fr\/index.php\/wp-json\/wp\/v2\/comments?post=20006"}],"version-history":[{"count":21,"href":"https:\/\/lamaisondesmaux.fr\/index.php\/wp-json\/wp\/v2\/pages\/20006\/revisions"}],"predecessor-version":[{"id":20302,"href":"https:\/\/lamaisondesmaux.fr\/index.php\/wp-json\/wp\/v2\/pages\/20006\/revisions\/20302"}],"wp:attachment":[{"href":"https:\/\/lamaisondesmaux.fr\/index.php\/wp-json\/wp\/v2\/media?parent=20006"}],"curies":[{"name":"wp","href":"https:\/\/api.w.org\/{rel}","templated":true}]}}