{"id":128,"date":"2018-07-05T11:50:48","date_gmt":"2018-07-05T09:50:48","guid":{"rendered":"http:\/\/www.lamaisondesmaux.fr\/?page_id=128"},"modified":"2021-08-17T12:34:36","modified_gmt":"2021-08-17T10:34:36","slug":"ma-famille","status":"publish","type":"page","link":"https:\/\/lamaisondesmaux.fr\/index.php\/ma-famille\/","title":{"rendered":"Qui suis-je ?"},"content":{"rendered":"<p>[vc_row][vc_column width=\u00a0\u00bb2\/3&Prime;][vc_column_text]<\/p>\n<h2>Bonjour, je m&rsquo;appelle Laurence<\/h2>\n<p>Je descends d&rsquo;une famille modeste qui pratiquait officieusement le magn\u00e9tisme et le reboutement. Cet art de soulager, de soigner les personnes et les animaux par imposition des mains et par manipulation me vient de mon arri\u00e8re grand-m\u00e8re maternelle et de mon oncle du cot\u00e9 paternel.<\/p>\n<p>A travers mon exp\u00e9rience de vie et de part mon m\u00e9tier d&rsquo;aide soignante et de ma premi\u00e8re ann\u00e9e d&rsquo;\u00e9tude d\u2019infirmi\u00e8re, j&rsquo;ai pu constater que nous donnions peu d&rsquo;importance \u00e0 notre corps et \u00e0 nos \u00e9motions.<\/p>\n<p>Ce qui m&rsquo;a amen\u00e9 \u00e0 me tourner vers la m\u00e9decine naturelle, o\u00f9 le corps et l&rsquo;esprit ne font qu&rsquo;un, est que l&rsquo;un sans l&rsquo;autre nous ne pourrions avoir un \u00e9quilibre. De ce fait, nous ne pourrions rester en harmonie avec nous m\u00eame et avec nos capacit\u00e9s d&rsquo;hom\u00e9ostasie.<\/p>\n<p>L&rsquo;utilisation de ces m\u00e9thodes et la prise en compte de la personne dans sa globalit\u00e9\u00a0 permettent un r\u00e9\u00e9quilibrage des \u00e9nergies qui viennent soulager en douceur les douleurs et les blocages \u00e9motionnels.<\/p>\n<p>Aujourd\u2019hui, \u00e0 travers mes divers formations certifiantes en <strong>magn\u00e9tisme<\/strong>, en <strong>reboutement<\/strong> , en <strong>hypnose<\/strong> et de mon exp\u00e9rience, je peux vous proposer diff\u00e9rentes approches adapt\u00e9es \u00e0 vos besoins. Cela dans le but de r\u00e9pondre \u00e0 vos attentes et de retrouver une harmonie.\u200b<\/p>\n<p>En me rencontrant, vous \u00eates libre de vos choix et de vos d\u00e9cisions, vous \u00eates pleinement responsable, \u200bje ne vous promets rien. La seule chose que je puisse vous assurer, c&rsquo;est de faire de mon mieux pour vous soulager et que vous vous sentiez mieux.<\/p>\n<p>Je n&rsquo;irai jamais contre un avis m\u00e9dical, je ne vous demanderai jamais d\u2019arr\u00eater un traitement et je peux parfois vous conseiller d&rsquo;aller consulter votre m\u00e9decin. Je ne pose aucun diagnostic m\u00e9dical, je suis compl\u00e9mentaire \u00e0 la m\u00e9decine.<\/p>\n<p>Tout ce qui je dis ou je fais pendant le soin est consid\u00e9r\u00e9 comme secret professionnel. Le respect est de vigueur ainsi que la discr\u00e9tion.<\/p>\n<p>Je vous demanderai un minimum d&rsquo;implication pendant le soin.<br \/>\nSi vous avez un emp\u00eachement de derni\u00e8re minute, pensez \u00e0 me pr\u00e9venir. Le d\u00e9sistement des uns peut servir \u00e0 d&rsquo;autre, et peut \u00eatre un jour \u00e0 vous. Merci pour votre ponctualit\u00e9 : arriver en avance comme en retard peut nuire aux soins des autres patients.<\/p>\n<p>J&rsquo;esp\u00e8re vous rencontrer prochainement et vous aider.[\/vc_column_text][\/vc_column][vc_column width=\u00a0\u00bb1\/3&Prime;][vc_single_image image=\u00a0\u00bb20165&Prime;][\/vc_column][\/vc_row]<\/p>\n","protected":false},"excerpt":{"rendered":"<p>[vc_row][vc_column width=\u00a0\u00bb2\/3&Prime;][vc_column_text] Bonjour, je m&rsquo;appelle Laurence Je descends d&rsquo;une famille modeste qui pratiquait officieusement le magn\u00e9tisme et le reboutement. Cet art de soulager, de soigner les personnes et les animaux par imposition des mains et par manipulation me vient de mon arri\u00e8re grand-m\u00e8re maternelle et de mon oncle du cot\u00e9 paternel. A travers mon exp\u00e9rience &#8230;<\/p>\n","protected":false},"author":1,"featured_media":0,"parent":0,"menu_order":0,"comment_status":"closed","ping_status":"closed","template":"","meta":{"inline_featured_image":false,"_exactmetrics_skip_tracking":false,"_exactmetrics_sitenote_active":false,"_exactmetrics_sitenote_note":"","_exactmetrics_sitenote_category":0,"footnotes":""},"class_list":["post-128","page","type-page","status-publish","hentry"],"_links":{"self":[{"href":"https:\/\/lamaisondesmaux.fr\/index.php\/wp-json\/wp\/v2\/pages\/128"}],"collection":[{"href":"https:\/\/lamaisondesmaux.fr\/index.php\/wp-json\/wp\/v2\/pages"}],"about":[{"href":"https:\/\/lamaisondesmaux.fr\/index.php\/wp-json\/wp\/v2\/types\/page"}],"author":[{"embeddable":true,"href":"https:\/\/lamaisondesmaux.fr\/index.php\/wp-json\/wp\/v2\/users\/1"}],"replies":[{"embeddable":true,"href":"https:\/\/lamaisondesmaux.fr\/index.php\/wp-json\/wp\/v2\/comments?post=128"}],"version-history":[{"count":13,"href":"https:\/\/lamaisondesmaux.fr\/index.php\/wp-json\/wp\/v2\/pages\/128\/revisions"}],"predecessor-version":[{"id":20296,"href":"https:\/\/lamaisondesmaux.fr\/index.php\/wp-json\/wp\/v2\/pages\/128\/revisions\/20296"}],"wp:attachment":[{"href":"https:\/\/lamaisondesmaux.fr\/index.php\/wp-json\/wp\/v2\/media?parent=128"}],"curies":[{"name":"wp","href":"https:\/\/api.w.org\/{rel}","templated":true}]}}