{"id":113,"date":"2018-07-05T11:42:07","date_gmt":"2018-07-05T09:42:07","guid":{"rendered":"http:\/\/www.lamaisondesmaux.fr\/?page_id=113"},"modified":"2024-04-10T11:56:56","modified_gmt":"2024-04-10T09:56:56","slug":"coupeur-de-feu","status":"publish","type":"page","link":"https:\/\/lamaisondesmaux.fr\/index.php\/mes-pratiques-2\/coupeur-de-feu\/","title":{"rendered":"Coupeur de feu"},"content":{"rendered":"<p>[vc_row][vc_column width=\u00a0\u00bb2\/3&Prime;][vc_column_text]Le feu est dit coup\u00e9 gr\u00e2ce au magn\u00e9tisme d\u00e9gag\u00e9 par les mains et par l&rsquo;incantation d&rsquo;un secret.<\/p>\n<p>Le coupeur de feu soulage les douleurs et active le processus de cicatrisation. La m\u00e9thode est efficace pour le zona et pour toute inflammation, br\u00fblure, radioth\u00e9rapie avant et apr\u00e8s une s\u00e9ance&#8230;<\/p>\n<p>La s\u00e9ance peut se faire \u00e0 distance, par t\u00e9l\u00e9phone, sur pr\u00e9sentation d&rsquo;une photo ou directement. (<a href=\"http:\/\/www.lamaisondesmaux.fr\/wp-content\/uploads\/2019\/01\/fiche-soins.pdf\">T\u00e9l\u00e9charger la fiche de soins<\/a>)<\/p>\n<p>Il n&rsquo;y a pas de tarification sur les urgences (les br\u00fblures domestiques ou accidentelles). Je fais appel \u00e0 votre g\u00e9n\u00e9rosit\u00e9 et \u00e0 votre savoir-vivre.<\/p>\n<p>Tarifs :<br \/>\nLa s\u00e9ance : 30\u20ac<br \/>\n3 s\u00e9ances : 80\u20ac<br \/>\n8 s\u00e9ances 200\u20ac<\/p>\n<p>Vous trouverez un document \u00e0 remplir et \u00e0 me renvoyer soit par courrier avec le r\u00e8glement, soit par mail. Par la suite,\u00a0 je vous contacterai pour planifier les s\u00e9ances. N&rsquo;h\u00e9sitez pas \u00e0 <a href=\"http:\/\/www.lamaisondesmaux.fr\/index.php\/me-contacter\/\">me contacter<\/a> pour plus de renseignements.[\/vc_column_text][\/vc_column][vc_column width=\u00a0\u00bb1\/3&Prime;][vc_single_image image=\u00a0\u00bb20171&Prime;][\/vc_column][\/vc_row]<\/p>\n","protected":false},"excerpt":{"rendered":"<p>[vc_row][vc_column width=\u00a0\u00bb2\/3&Prime;][vc_column_text]Le feu est dit coup\u00e9 gr\u00e2ce au magn\u00e9tisme d\u00e9gag\u00e9 par les mains et par l&rsquo;incantation d&rsquo;un secret. Le coupeur de feu soulage les douleurs et active le processus de cicatrisation. La m\u00e9thode est efficace pour le zona et pour toute inflammation, br\u00fblure, radioth\u00e9rapie avant et apr\u00e8s une s\u00e9ance&#8230; La s\u00e9ance peut se faire \u00e0 &#8230;<\/p>\n","protected":false},"author":1,"featured_media":0,"parent":19759,"menu_order":0,"comment_status":"closed","ping_status":"closed","template":"","meta":{"inline_featured_image":false,"_exactmetrics_skip_tracking":false,"_exactmetrics_sitenote_active":false,"_exactmetrics_sitenote_note":"","_exactmetrics_sitenote_category":0,"footnotes":""},"class_list":["post-113","page","type-page","status-publish","hentry"],"_links":{"self":[{"href":"https:\/\/lamaisondesmaux.fr\/index.php\/wp-json\/wp\/v2\/pages\/113"}],"collection":[{"href":"https:\/\/lamaisondesmaux.fr\/index.php\/wp-json\/wp\/v2\/pages"}],"about":[{"href":"https:\/\/lamaisondesmaux.fr\/index.php\/wp-json\/wp\/v2\/types\/page"}],"author":[{"embeddable":true,"href":"https:\/\/lamaisondesmaux.fr\/index.php\/wp-json\/wp\/v2\/users\/1"}],"replies":[{"embeddable":true,"href":"https:\/\/lamaisondesmaux.fr\/index.php\/wp-json\/wp\/v2\/comments?post=113"}],"version-history":[{"count":8,"href":"https:\/\/lamaisondesmaux.fr\/index.php\/wp-json\/wp\/v2\/pages\/113\/revisions"}],"predecessor-version":[{"id":20358,"href":"https:\/\/lamaisondesmaux.fr\/index.php\/wp-json\/wp\/v2\/pages\/113\/revisions\/20358"}],"up":[{"embeddable":true,"href":"https:\/\/lamaisondesmaux.fr\/index.php\/wp-json\/wp\/v2\/pages\/19759"}],"wp:attachment":[{"href":"https:\/\/lamaisondesmaux.fr\/index.php\/wp-json\/wp\/v2\/media?parent=113"}],"curies":[{"name":"wp","href":"https:\/\/api.w.org\/{rel}","templated":true}]}}