{"id":109,"date":"2018-07-05T11:37:45","date_gmt":"2018-07-05T09:37:45","guid":{"rendered":"http:\/\/www.lamaisondesmaux.fr\/?page_id=109"},"modified":"2024-04-26T16:22:35","modified_gmt":"2024-04-26T14:22:35","slug":"douleurs-psychologiques","status":"publish","type":"page","link":"https:\/\/lamaisondesmaux.fr\/index.php\/mes-pratiques-2\/douleurs-psychologiques\/","title":{"rendered":"Magn\u00e9tisme"},"content":{"rendered":"<p>[vc_row][vc_column width=\u00a0\u00bb2\/3&Prime;][vc_column_text]Le magn\u00e9tisme est un faisceau d&rsquo;\u00e9nergie qui provient des mains du magn\u00e9tiseur. Cette \u00e9nergie va pouvoir soulager, aider \u00e0 une cicatrisation, \u00e0 un r\u00e9tablissement plus rapide. Elle vas booster le syst\u00e8me immunitaire de la personne et va lui permettre de retrouver son \u00e9quilibre physique et psychique. Elle va \u00e9galement lui permettre de se lib\u00e9rer de toute sorte de tensions et de blocages.<\/p>\n<p>Il peut arriver que je vous propose de magn\u00e9tiser un coton, une eau pour venir compl\u00e9ter le soin.<\/p>\n<p>La s\u00e9ance peut se faire \u00e0 distance sur photo (<a href=\"http:\/\/www.lamaisondesmaux.fr\/wp-content\/uploads\/2019\/01\/fiche-soins.pdf\">fiche-soins<\/a>).<\/p>\n<p>La s\u00e9ances commence toujours par une anamn\u00e8se; Nous faisons un point sur vos traitements, probl\u00e8mes m\u00e9dicaux, chirurgicaux, votre m\u00e9tier et parfois votre alimentation. Puis vient le moment o\u00f9 nous voyons la raison de votre venue. Je vous explique le plus clairement possible comment nous allons travailler et sur combien de temps. Apr\u00e8s votre accord, le soin peut commencer.<\/p>\n<p>Lors de la s\u00e9ance, il est souhaitable d\u2019\u00eatre seul. Si vous ne pouvez faire autrement, la personne devra rester \u00e0 l\u2019ext\u00e9rieur, le t\u00e9l\u00e9phone portable \u00e9teint et non en mode vibration. Merci de votre compr\u00e9hension.<br \/>\nSeule exception : les mineurs doivent toujours \u00eatre accompagn\u00e9s par un des parents.<\/p>\n<p>Une seule s\u00e9ance peut suffire. Parfois 3 s\u00e9ances sont n\u00e9cessaires, en fonction de l&rsquo;anciennet\u00e9 de la probl\u00e9matique et de la personnalit\u00e9 du patient.<\/p>\n<ul>\n<li>Maux de t\u00eate<\/li>\n<li>Angoisse<\/li>\n<li>Insomnie<\/li>\n<li>Zona<\/li>\n<li>Stress<\/li>\n<li>Probl\u00e8mes de peau (ecz\u00e9ma, psoriasis&#8230;)<\/li>\n<li>Probl\u00e8mes de dos<\/li>\n<li>Verrue<\/li>\n<li>Apaisement de la douleur<\/li>\n<li>Acc\u00e9l\u00e9ration de cicatrisation<\/li>\n<li>Br\u00fblures<\/li>\n<li>Arthrite<\/li>\n<li>N\u00e9vralgie<\/li>\n<li>Blessure sportive, tendinite, sciatique<\/li>\n<\/ul>\n<h3>Tarifs :<\/h3>\n<p>La s\u00e9ance : 50\u20ac<br \/>\nA domicile : 60\u20ac<em> (5 km autour du centre ville de Bregnier cordon, au del\u00e0, pr\u00e9voir frais kilom\u00e9triques)<br \/>\n<\/em>A distance pour les personnes \u00e9loign\u00e9es g\u00e9ographiquement : 40\u20ac la s\u00e9ance<\/p>\n<p>N&rsquo;h\u00e9sitez pas \u00e0 <a href=\"http:\/\/www.lamaisondesmaux.fr\/index.php\/me-contacter\/\">me contacter<\/a> pour plus de renseignements.[\/vc_column_text][\/vc_column][vc_column width=\u00a0\u00bb1\/3&Prime;][vc_single_image image=\u00a0\u00bb20181&Prime;][\/vc_column][\/vc_row]<\/p>\n","protected":false},"excerpt":{"rendered":"<p>[vc_row][vc_column width=\u00a0\u00bb2\/3&Prime;][vc_column_text]Le magn\u00e9tisme est un faisceau d&rsquo;\u00e9nergie qui provient des mains du magn\u00e9tiseur. Cette \u00e9nergie va pouvoir soulager, aider \u00e0 une cicatrisation, \u00e0 un r\u00e9tablissement plus rapide. Elle vas booster le syst\u00e8me immunitaire de la personne et va lui permettre de retrouver son \u00e9quilibre physique et psychique. Elle va \u00e9galement lui permettre de se lib\u00e9rer &#8230;<\/p>\n","protected":false},"author":1,"featured_media":0,"parent":19759,"menu_order":0,"comment_status":"closed","ping_status":"closed","template":"","meta":{"inline_featured_image":false,"_exactmetrics_skip_tracking":false,"_exactmetrics_sitenote_active":false,"_exactmetrics_sitenote_note":"","_exactmetrics_sitenote_category":0,"footnotes":""},"class_list":["post-109","page","type-page","status-publish","hentry"],"_links":{"self":[{"href":"https:\/\/lamaisondesmaux.fr\/index.php\/wp-json\/wp\/v2\/pages\/109"}],"collection":[{"href":"https:\/\/lamaisondesmaux.fr\/index.php\/wp-json\/wp\/v2\/pages"}],"about":[{"href":"https:\/\/lamaisondesmaux.fr\/index.php\/wp-json\/wp\/v2\/types\/page"}],"author":[{"embeddable":true,"href":"https:\/\/lamaisondesmaux.fr\/index.php\/wp-json\/wp\/v2\/users\/1"}],"replies":[{"embeddable":true,"href":"https:\/\/lamaisondesmaux.fr\/index.php\/wp-json\/wp\/v2\/comments?post=109"}],"version-history":[{"count":21,"href":"https:\/\/lamaisondesmaux.fr\/index.php\/wp-json\/wp\/v2\/pages\/109\/revisions"}],"predecessor-version":[{"id":20362,"href":"https:\/\/lamaisondesmaux.fr\/index.php\/wp-json\/wp\/v2\/pages\/109\/revisions\/20362"}],"up":[{"embeddable":true,"href":"https:\/\/lamaisondesmaux.fr\/index.php\/wp-json\/wp\/v2\/pages\/19759"}],"wp:attachment":[{"href":"https:\/\/lamaisondesmaux.fr\/index.php\/wp-json\/wp\/v2\/media?parent=109"}],"curies":[{"name":"wp","href":"https:\/\/api.w.org\/{rel}","templated":true}]}}