{"id":103,"date":"2018-07-05T11:30:20","date_gmt":"2018-07-05T09:30:20","guid":{"rendered":"http:\/\/www.lamaisondesmaux.fr\/?page_id=103"},"modified":"2021-08-17T12:34:36","modified_gmt":"2021-08-17T10:34:36","slug":"douleurs-mecaniques","status":"publish","type":"page","link":"https:\/\/lamaisondesmaux.fr\/index.php\/mes-pratiques-2\/douleurs-mecaniques\/","title":{"rendered":"Rebouteux"},"content":{"rendered":"<p>[vc_row][vc_column width=\u00a0\u00bb1\/2&Prime;][vc_single_image image=\u00a0\u00bb20231&Prime;][\/vc_column][vc_column width=\u00a0\u00bb1\/2&Prime;][vc_column_text]Le rebouteux remet en place les nerfs froiss\u00e9s et les tendons qui sautent et aide \u00e0 d\u00e9nouer les muscles. Cela se fait par massage musculaire profond, crochetage des tendons, pon\u00e7age des n\u0153uds musculaire et par d\u00e9grippage articulaire.<\/p>\n<p>C&rsquo;est la forme la plus ancienne des th\u00e9rapies manuelles pr\u00e9ventives et curatives.<\/p>\n<ul>\n<li>Maux de t\u00eate<\/li>\n<li>Probl\u00e8me de dos<\/li>\n<li>Douleur aux \u00e9paules<\/li>\n<li>Tendinites<\/li>\n<li>Arthrite<\/li>\n<li>N\u00e9vralgie<\/li>\n<li>Arthrose<\/li>\n<li>Torticolis<\/li>\n<li>Sciatique<\/li>\n<li>Cruralgie<\/li>\n<li>Epine canan\u00e9enne&#8230;<\/li>\n<\/ul>\n<p>La s\u00e9ances commencent toujours par une anamn\u00e8se. Nous faisons un point sur vos traitements, probl\u00e8mes m\u00e9dicaux ,chirurgicaux, votre m\u00e9tier et parfois votre alimentation. Puis vient le moment o\u00f9 nous voyons la raison de votre venue. Je vous explique le plus clairement possible comment nous allons travailler et sur combien de temps. Apr\u00e8s votre accord, le soin peut commencer.<\/p>\n<p>Lors de la s\u00e9ance, il est souhaitable d&rsquo;\u00eatre seul. Si vous ne pouvez faire autrement, la personne devra rester \u00e0 l&rsquo;ext\u00e9rieur, le t\u00e9l\u00e9phone portable \u00e9teint et non en mode vibration. Merci de votre compr\u00e9hension.<br \/>\nSeule exception\u00a0: les mineurs doivent toujours \u00eatre accompagn\u00e9s par un des parents.<\/p>\n<p>Une seule s\u00e9ance peut suffire. Parfois 3 s\u00e9ances sont n\u00e9cessaires, en fonction de l&rsquo;anciennet\u00e9 de la probl\u00e9matique et de la personnalit\u00e9 du patient.<\/p>\n<h3>Tarifs :<\/h3>\n<p>La s\u00e9ance : 45\u20ac<br \/>\nA domicile : 55\u20ac<em> (5 km autour du centre ville des Aveni\u00e8res, au del\u00e0, pr\u00e9voir frais kilom\u00e9triques)<\/em><\/p>\n<p><strong>\u00a0<\/strong><\/p>\n<p>N&rsquo;h\u00e9sitez pas \u00e0 <a href=\"http:\/\/www.lamaisondesmaux.fr\/index.php\/me-contacter\/\">me contacter<\/a> pour plus de renseignements.[\/vc_column_text][\/vc_column][\/vc_row]<\/p>\n","protected":false},"excerpt":{"rendered":"<p>[vc_row][vc_column width=\u00a0\u00bb1\/2&Prime;][vc_single_image image=\u00a0\u00bb20231&Prime;][\/vc_column][vc_column width=\u00a0\u00bb1\/2&Prime;][vc_column_text]Le rebouteux remet en place les nerfs froiss\u00e9s et les tendons qui sautent et aide \u00e0 d\u00e9nouer les muscles. Cela se fait par massage musculaire profond, crochetage des tendons, pon\u00e7age des n\u0153uds musculaire et par d\u00e9grippage articulaire. C&rsquo;est la forme la plus ancienne des th\u00e9rapies manuelles pr\u00e9ventives et curatives. Maux de t\u00eate &#8230;<\/p>\n","protected":false},"author":1,"featured_media":0,"parent":19759,"menu_order":0,"comment_status":"closed","ping_status":"closed","template":"","meta":{"inline_featured_image":false,"_exactmetrics_skip_tracking":false,"_exactmetrics_sitenote_active":false,"_exactmetrics_sitenote_note":"","_exactmetrics_sitenote_category":0,"footnotes":""},"class_list":["post-103","page","type-page","status-publish","hentry"],"_links":{"self":[{"href":"https:\/\/lamaisondesmaux.fr\/index.php\/wp-json\/wp\/v2\/pages\/103"}],"collection":[{"href":"https:\/\/lamaisondesmaux.fr\/index.php\/wp-json\/wp\/v2\/pages"}],"about":[{"href":"https:\/\/lamaisondesmaux.fr\/index.php\/wp-json\/wp\/v2\/types\/page"}],"author":[{"embeddable":true,"href":"https:\/\/lamaisondesmaux.fr\/index.php\/wp-json\/wp\/v2\/users\/1"}],"replies":[{"embeddable":true,"href":"https:\/\/lamaisondesmaux.fr\/index.php\/wp-json\/wp\/v2\/comments?post=103"}],"version-history":[{"count":20,"href":"https:\/\/lamaisondesmaux.fr\/index.php\/wp-json\/wp\/v2\/pages\/103\/revisions"}],"predecessor-version":[{"id":20345,"href":"https:\/\/lamaisondesmaux.fr\/index.php\/wp-json\/wp\/v2\/pages\/103\/revisions\/20345"}],"up":[{"embeddable":true,"href":"https:\/\/lamaisondesmaux.fr\/index.php\/wp-json\/wp\/v2\/pages\/19759"}],"wp:attachment":[{"href":"https:\/\/lamaisondesmaux.fr\/index.php\/wp-json\/wp\/v2\/media?parent=103"}],"curies":[{"name":"wp","href":"https:\/\/api.w.org\/{rel}","templated":true}]}}